{"id":279,"date":"2025-01-07T22:50:20","date_gmt":"2025-01-07T21:50:20","guid":{"rendered":"http:\/\/217.154.206.22\/llvt\/?page_id=279"},"modified":"2026-04-08T15:46:11","modified_gmt":"2026-04-08T14:46:11","slug":"home","status":"publish","type":"page","link":"https:\/\/ll-vt.de\/","title":{"rendered":"Home"},"content":{"rendered":"\t\t<div data-elementor-type=\"wp-page\" data-elementor-id=\"279\" class=\"elementor elementor-279\" data-elementor-post-type=\"page\">\n\t\t\t\t<div class=\"elementor-element elementor-element-860519d e-flex e-con-boxed e-con e-parent\" data-id=\"860519d\" data-element_type=\"container\" data-e-type=\"container\">\n\t\t\t\t\t<div class=\"e-con-inner\">\n\t\t\t\t<div class=\"elementor-element elementor-element-b35235f elementor-widget__width-inherit elementor-headline--style-highlight elementor-widget elementor-widget-animated-headline\" data-id=\"b35235f\" data-element_type=\"widget\" data-e-type=\"widget\" data-settings=\"{&quot;marker&quot;:&quot;underline_zigzag&quot;,&quot;highlighted_text&quot;:&quot;LL VT&quot;,&quot;headline_style&quot;:&quot;highlight&quot;,&quot;loop&quot;:&quot;yes&quot;,&quot;highlight_animation_duration&quot;:1200,&quot;highlight_iteration_delay&quot;:8000}\" data-widget_type=\"animated-headline.default\">\n\t\t\t\t<div class=\"elementor-widget-container\">\n\t\t\t\t\t\t\t<h1 class=\"elementor-headline\">\n\t\t\t\t\t<span class=\"elementor-headline-plain-text elementor-headline-text-wrapper\">Willkommen bei<\/span>\n\t\t\t\t<span class=\"elementor-headline-dynamic-wrapper elementor-headline-text-wrapper\">\n\t\t\t\t\t<span class=\"elementor-headline-dynamic-text elementor-headline-text-active\">LL VT<\/span>\n\t\t\t\t<\/span>\n\t\t\t\t\t<span class=\"elementor-headline-plain-text elementor-headline-text-wrapper\">!<\/span>\n\t\t\t\t\t<\/h1>\n\t\t\t\t\t\t<\/div>\n\t\t\t\t<\/div>\n\t\t\t\t<div class=\"elementor-element elementor-element-1511b47 elementor-widget elementor-widget-heading\" data-id=\"1511b47\" data-element_type=\"widget\" data-e-type=\"widget\" data-widget_type=\"heading.default\">\n\t\t\t\t<div class=\"elementor-widget-container\">\n\t\t\t\t\t<h1 class=\"elementor-heading-title elementor-size-default\">Hinter jedem Event steckt eine Geschichte! Ich helfe dabei, sie mit moderner Veranstaltungstechnik lebendig zu erz\u00e4hlen.<\/h1>\t\t\t\t<\/div>\n\t\t\t\t<\/div>\n\t\t\t\t<div class=\"elementor-element elementor-element-3c39d5e elementor-widget elementor-widget-text-editor\" data-id=\"3c39d5e\" data-element_type=\"widget\" data-e-type=\"widget\" data-widget_type=\"text-editor.default\">\n\t\t\t\t<div class=\"elementor-widget-container\">\n\t\t\t\t\t\t\t\t\t<p style=\"text-align: center;\">LL VT steht f\u00fcr professionelle Veranstaltungs- und Eventtechnik\u00a0 mit Leidenschaft, Erfahrung und dem Anspruch, jedes Event technisch perfekt umzusetzen.<\/p><p style=\"text-align: center;\">Das beste? Wir liefern zuverl\u00e4ssig Veranstaltungstechnik aus dem Main-Kinzik-Kreis \u2764\ufe0f<\/p>\t\t\t\t\t\t\t\t<\/div>\n\t\t\t\t<\/div>\n\t\t<div class=\"elementor-element elementor-element-a34fbba e-con-full e-flex e-con e-child\" data-id=\"a34fbba\" data-element_type=\"container\" data-e-type=\"container\" data-settings=\"{&quot;background_background&quot;:&quot;gradient&quot;}\">\n\t\t\t\t<div class=\"elementor-element elementor-element-0f6ac73 elementor-widget__width-inherit elementor-widget elementor-widget-heading\" data-id=\"0f6ac73\" data-element_type=\"widget\" data-e-type=\"widget\" data-widget_type=\"heading.default\">\n\t\t\t\t<div class=\"elementor-widget-container\">\n\t\t\t\t\t<h2 class=\"elementor-heading-title elementor-size-default\">Unsere Leistung<\/h2>\t\t\t\t<\/div>\n\t\t\t\t<\/div>\n\t\t<div class=\"elementor-element elementor-element-a6e371c e-con-full e-flex e-con e-child\" data-id=\"a6e371c\" data-element_type=\"container\" data-e-type=\"container\">\n\t\t<div class=\"elementor-element elementor-element-29e06f8 e-con-full e-flex e-con e-child\" data-id=\"29e06f8\" data-element_type=\"container\" data-e-type=\"container\" data-settings=\"{&quot;background_background&quot;:&quot;classic&quot;}\">\n\t\t\t\t<div class=\"elementor-element elementor-element-4cad1fa elementor-widget elementor-widget-heading\" data-id=\"4cad1fa\" data-element_type=\"widget\" data-e-type=\"widget\" data-widget_type=\"heading.default\">\n\t\t\t\t<div class=\"elementor-widget-container\">\n\t\t\t\t\t<h6 class=\"elementor-heading-title elementor-size-default\">Eventplanung &amp; Ausstattung<\/h6>\t\t\t\t<\/div>\n\t\t\t\t<\/div>\n\t\t\t\t<\/div>\n\t\t<div class=\"elementor-element elementor-element-b65be67 e-con-full e-flex e-con e-child\" data-id=\"b65be67\" data-element_type=\"container\" data-e-type=\"container\" data-settings=\"{&quot;background_background&quot;:&quot;classic&quot;}\">\n\t\t\t\t<div class=\"elementor-element elementor-element-6ec632e elementor-widget elementor-widget-heading\" data-id=\"6ec632e\" data-element_type=\"widget\" data-e-type=\"widget\" data-widget_type=\"heading.default\">\n\t\t\t\t<div class=\"elementor-widget-container\">\n\t\t\t\t\t<h6 class=\"elementor-heading-title elementor-size-default\">Medien &amp; Visual Design<\/h6>\t\t\t\t<\/div>\n\t\t\t\t<\/div>\n\t\t\t\t<\/div>\n\t\t<div class=\"elementor-element elementor-element-0404dbc e-con-full e-flex e-con e-child\" data-id=\"0404dbc\" data-element_type=\"container\" data-e-type=\"container\" data-settings=\"{&quot;background_background&quot;:&quot;classic&quot;}\">\n\t\t\t\t<div class=\"elementor-element elementor-element-d0e5a7c elementor-widget elementor-widget-heading\" data-id=\"d0e5a7c\" data-element_type=\"widget\" data-e-type=\"widget\" data-widget_type=\"heading.default\">\n\t\t\t\t<div class=\"elementor-widget-container\">\n\t\t\t\t\t<h6 class=\"elementor-heading-title elementor-size-default\">Lichtdesign &amp; Opperation<\/h6>\t\t\t\t<\/div>\n\t\t\t\t<\/div>\n\t\t\t\t<\/div>\n\t\t<div class=\"elementor-element elementor-element-5fbd54a e-con-full e-flex e-con e-child\" data-id=\"5fbd54a\" data-element_type=\"container\" data-e-type=\"container\" data-settings=\"{&quot;background_background&quot;:&quot;classic&quot;}\">\n\t\t\t\t<div class=\"elementor-element elementor-element-7ae666e elementor-widget elementor-widget-heading\" data-id=\"7ae666e\" data-element_type=\"widget\" data-e-type=\"widget\" data-widget_type=\"heading.default\">\n\t\t\t\t<div class=\"elementor-widget-container\">\n\t\t\t\t\t<h6 class=\"elementor-heading-title elementor-size-default\">Livestream &amp; Eventdokumentation<\/h6>\t\t\t\t<\/div>\n\t\t\t\t<\/div>\n\t\t\t\t<\/div>\n\t\t<div class=\"elementor-element elementor-element-356cd53 e-con-full e-flex e-con e-child\" data-id=\"356cd53\" data-element_type=\"container\" data-e-type=\"container\" data-settings=\"{&quot;background_background&quot;:&quot;classic&quot;}\">\n\t\t\t\t<div class=\"elementor-element elementor-element-2b60db9 elementor-widget elementor-widget-heading\" data-id=\"2b60db9\" data-element_type=\"widget\" data-e-type=\"widget\" data-widget_type=\"heading.default\">\n\t\t\t\t<div class=\"elementor-widget-container\">\n\t\t\t\t\t<h6 class=\"elementor-heading-title elementor-size-default\">Ton &amp; Audio<\/h6>\t\t\t\t<\/div>\n\t\t\t\t<\/div>\n\t\t\t\t<\/div>\n\t\t<div class=\"elementor-element elementor-element-d220909 e-con-full e-flex e-con e-child\" data-id=\"d220909\" data-element_type=\"container\" data-e-type=\"container\" data-settings=\"{&quot;background_background&quot;:&quot;classic&quot;}\">\n\t\t\t\t<div class=\"elementor-element elementor-element-6cf7466 elementor-widget elementor-widget-heading\" data-id=\"6cf7466\" data-element_type=\"widget\" data-e-type=\"widget\" data-widget_type=\"heading.default\">\n\t\t\t\t<div class=\"elementor-widget-container\">\n\t\t\t\t\t<h6 class=\"elementor-heading-title elementor-size-default\">Installation<\/h6>\t\t\t\t<\/div>\n\t\t\t\t<\/div>\n\t\t\t\t<\/div>\n\t\t<div class=\"elementor-element elementor-element-8d93fd8 e-con-full e-flex e-con e-child\" data-id=\"8d93fd8\" data-element_type=\"container\" data-e-type=\"container\" data-settings=\"{&quot;background_background&quot;:&quot;classic&quot;}\">\n\t\t\t\t<div class=\"elementor-element elementor-element-e8e40d7 elementor-widget elementor-widget-heading\" data-id=\"e8e40d7\" data-element_type=\"widget\" data-e-type=\"widget\" data-widget_type=\"heading.default\">\n\t\t\t\t<div class=\"elementor-widget-container\">\n\t\t\t\t\t<h6 class=\"elementor-heading-title elementor-size-default\">Stagemanagement<\/h6>\t\t\t\t<\/div>\n\t\t\t\t<\/div>\n\t\t\t\t<\/div>\n\t\t\t\t<\/div>\n\t\t\t\t<div class=\"elementor-element elementor-element-c20cc00 elementor-widget elementor-widget-button\" data-id=\"c20cc00\" data-element_type=\"widget\" data-e-type=\"widget\" data-widget_type=\"button.default\">\n\t\t\t\t<div class=\"elementor-widget-container\">\n\t\t\t\t\t\t\t\t\t<div class=\"elementor-button-wrapper\">\n\t\t\t\t\t<a class=\"elementor-button elementor-button-link elementor-size-sm\" href=\"https:\/\/ll-vt.de\/leistungen\/\">\n\t\t\t\t\t\t<span class=\"elementor-button-content-wrapper\">\n\t\t\t\t\t\t\t\t\t<span class=\"elementor-button-text\">Mehr Details<\/span>\n\t\t\t\t\t<\/span>\n\t\t\t\t\t<\/a>\n\t\t\t\t<\/div>\n\t\t\t\t\t\t\t\t<\/div>\n\t\t\t\t<\/div>\n\t\t\t\t<\/div>\n\t\t\t\t\t<\/div>\n\t\t\t\t<\/div>\n\t\t<div class=\"elementor-element elementor-element-7d2e43d e-flex e-con-boxed e-con e-parent\" data-id=\"7d2e43d\" data-element_type=\"container\" data-e-type=\"container\">\n\t\t\t\t\t<div class=\"e-con-inner\">\n\t\t\t\t<div class=\"elementor-element elementor-element-2c166c0 elementor-widget elementor-widget-heading\" data-id=\"2c166c0\" data-element_type=\"widget\" data-e-type=\"widget\" data-widget_type=\"heading.default\">\n\t\t\t\t<div class=\"elementor-widget-container\">\n\t\t\t\t\t<h2 class=\"elementor-heading-title elementor-size-default\">Unsere Motivation hinter jedem Event!<\/h2>\t\t\t\t<\/div>\n\t\t\t\t<\/div>\n\t\t\t\t<div class=\"elementor-element elementor-element-11eda17 elementor-widget elementor-widget-text-editor\" data-id=\"11eda17\" data-element_type=\"widget\" data-e-type=\"widget\" data-widget_type=\"text-editor.default\">\n\t\t\t\t<div class=\"elementor-widget-container\">\n\t\t\t\t\t\t\t\t\t<p style=\"text-align: center;\">LL VT steht f\u00fcr Leidenschaft und Pr\u00e4zision in der Veranstaltungstechnik. Unser Anspruch ist es, jedes Event technisch perfekt umzusetzen und mit ma\u00dfgeschneiderten L\u00f6sungen zu begeistern. Von der ersten Planung bis zur finalen Show begleiten wir unsere Kunden mit Erfahrung, Kompetenz und einem hohen Qualit\u00e4tsanspruch. Wir glauben, dass Technik mehr ist als Funktion, sie schafft Atmosph\u00e4re, Emotion und unvergessliche Momente. Mit diesem Anspruch machen wir aus jeder Veranstaltung etwas Besonderes.<\/p>\t\t\t\t\t\t\t\t<\/div>\n\t\t\t\t<\/div>\n\t\t\t\t<div class=\"elementor-element elementor-element-8d53553 elementor-skin-carousel elementor-widget elementor-widget-media-carousel\" data-id=\"8d53553\" data-element_type=\"widget\" data-e-type=\"widget\" data-settings=\"{&quot;skin&quot;:&quot;carousel&quot;,&quot;effect&quot;:&quot;slide&quot;,&quot;speed&quot;:500,&quot;autoplay&quot;:&quot;yes&quot;,&quot;autoplay_speed&quot;:5000,&quot;loop&quot;:&quot;yes&quot;,&quot;pause_on_hover&quot;:&quot;yes&quot;,&quot;pause_on_interaction&quot;:&quot;yes&quot;,&quot;space_between&quot;:{&quot;unit&quot;:&quot;px&quot;,&quot;size&quot;:10,&quot;sizes&quot;:[]},&quot;space_between_tablet&quot;:{&quot;unit&quot;:&quot;px&quot;,&quot;size&quot;:10,&quot;sizes&quot;:[]},&quot;space_between_mobile&quot;:{&quot;unit&quot;:&quot;px&quot;,&quot;size&quot;:10,&quot;sizes&quot;:[]}}\" data-widget_type=\"media-carousel.default\">\n\t\t\t\t<div class=\"elementor-widget-container\">\n\t\t\t\t\t\t\t\t\t<div class=\"elementor-swiper\">\n\t\t\t\t\t<div class=\"elementor-main-swiper swiper\" role=\"region\" aria-roledescription=\"carousel\" aria-label=\"Events\">\n\t\t\t\t<div class=\"swiper-wrapper\">\n\t\t\t\t\t\t\t\t\t\t\t<div class=\"swiper-slide\" role=\"group\" aria-roledescription=\"slide\">\n\t\t\t\t\t\t\t\t\t<div class=\"elementor-carousel-image\" role=\"img\" aria-label=\"HWO-Flame\" style=\"background-image: url(&#039;https:\/\/ll-vt.de\/wp-content\/uploads\/2025\/10\/IMG_1354.jpg&#039;)\">\n\n\t\t\t\n\t\t\t\t\t<\/div>\n\t\t\t\t\t\t\t\t<\/div>\n\t\t\t\t\t\t\t\t\t\t\t<div class=\"swiper-slide\" role=\"group\" aria-roledescription=\"slide\">\n\t\t\t\t\t\t\t\t\t<div class=\"elementor-carousel-image\" role=\"img\" aria-label=\"Publikum mit Emotionen\" style=\"background-image: url(&#039;https:\/\/ll-vt.de\/wp-content\/uploads\/2025\/10\/IMG_3142.jpg&#039;)\">\n\n\t\t\t\n\t\t\t\t\t<\/div>\n\t\t\t\t\t\t\t\t<\/div>\n\t\t\t\t\t\t\t\t\t\t\t<div class=\"swiper-slide\" role=\"group\" aria-roledescription=\"slide\">\n\t\t\t\t\t\t\t\t\t<div class=\"elementor-carousel-image\" role=\"img\" aria-label=\"IMG_5964\" style=\"background-image: url(&#039;https:\/\/ll-vt.de\/wp-content\/uploads\/2025\/10\/IMG_5964-scaled.jpeg&#039;)\">\n\n\t\t\t\n\t\t\t\t\t<\/div>\n\t\t\t\t\t\t\t\t<\/div>\n\t\t\t\t\t\t\t\t\t<\/div>\n\t\t\t\t\t\t\t\t\t\t\t\t\t\t\t\t\t\t\t\t\t<\/div>\n\t\t\t\t<\/div>\n\t\t\t\t\t\t\t\t<\/div>\n\t\t\t\t<\/div>\n\t\t\t\t<div class=\"elementor-element elementor-element-55866b0 elementor-widget elementor-widget-text-editor\" data-id=\"55866b0\" data-element_type=\"widget\" data-e-type=\"widget\" data-widget_type=\"text-editor.default\">\n\t\t\t\t<div class=\"elementor-widget-container\">\n\t\t\t\t\t\t\t\t\t<p style=\"text-align: center;\">Jedes Event erz\u00e4hlt seine eigene Geschichte, gepr\u00e4gt von Emotion, Technik und perfekter Abstimmung. Ob Festival, Firmenfeier oder B\u00fchnenshow, jedes unserer Projekte steht f\u00fcr Leidenschaft, Pr\u00e4zision und kreative Umsetzung. Von der ersten Idee bis zum letzten Scheinwerfer sorgen wir daf\u00fcr, dass jedes Event zu einem unvergesslichen Erlebnis wird.<\/p>\t\t\t\t\t\t\t\t<\/div>\n\t\t\t\t<\/div>\n\t\t\t\t\t<\/div>\n\t\t\t\t<\/div>\n\t\t<div class=\"elementor-element elementor-element-63977fb e-con-full e-flex e-con e-parent\" data-id=\"63977fb\" data-element_type=\"container\" data-e-type=\"container\" data-settings=\"{&quot;background_background&quot;:&quot;gradient&quot;}\">\n\t\t<div class=\"elementor-element elementor-element-8dbea92 e-flex e-con-boxed e-con e-child\" data-id=\"8dbea92\" data-element_type=\"container\" data-e-type=\"container\">\n\t\t\t\t\t<div class=\"e-con-inner\">\n\t\t\t\t<div class=\"elementor-element elementor-element-7f4ede9 elementor-widget__width-inherit elementor-widget elementor-widget-heading\" data-id=\"7f4ede9\" data-element_type=\"widget\" data-e-type=\"widget\" data-widget_type=\"heading.default\">\n\t\t\t\t<div class=\"elementor-widget-container\">\n\t\t\t\t\t<h2 class=\"elementor-heading-title elementor-size-default\">Unsere Partner<\/h2>\t\t\t\t<\/div>\n\t\t\t\t<\/div>\n\t\t\t\t<div class=\"elementor-element elementor-element-31441a5 elementor-skin-carousel elementor-widget elementor-widget-media-carousel\" data-id=\"31441a5\" data-element_type=\"widget\" data-e-type=\"widget\" data-settings=\"{&quot;space_between&quot;:{&quot;unit&quot;:&quot;px&quot;,&quot;size&quot;:34,&quot;sizes&quot;:[]},&quot;slides_per_view&quot;:&quot;3&quot;,&quot;skin&quot;:&quot;carousel&quot;,&quot;effect&quot;:&quot;slide&quot;,&quot;speed&quot;:500,&quot;autoplay&quot;:&quot;yes&quot;,&quot;autoplay_speed&quot;:5000,&quot;loop&quot;:&quot;yes&quot;,&quot;pause_on_hover&quot;:&quot;yes&quot;,&quot;pause_on_interaction&quot;:&quot;yes&quot;,&quot;space_between_tablet&quot;:{&quot;unit&quot;:&quot;px&quot;,&quot;size&quot;:10,&quot;sizes&quot;:[]},&quot;space_between_mobile&quot;:{&quot;unit&quot;:&quot;px&quot;,&quot;size&quot;:10,&quot;sizes&quot;:[]}}\" data-widget_type=\"media-carousel.default\">\n\t\t\t\t<div class=\"elementor-widget-container\">\n\t\t\t\t\t\t\t\t\t<div class=\"elementor-swiper\">\n\t\t\t\t\t<div class=\"elementor-main-swiper swiper\" role=\"region\" aria-roledescription=\"carousel\" aria-label=\"Kunden\">\n\t\t\t\t<div class=\"swiper-wrapper\">\n\t\t\t\t\t\t\t\t\t\t\t<div class=\"swiper-slide\" role=\"group\" aria-roledescription=\"slide\">\n\t\t\t\t\t\t\t\t\t<div class=\"elementor-carousel-image\" role=\"img\" aria-label=\"LH Media\" style=\"background-image: url(&#039;https:\/\/ll-vt.de\/wp-content\/uploads\/2025\/10\/LH-Media.svg&#039;)\">\n\n\t\t\t\n\t\t\t\t\t<\/div>\n\t\t\t\t\t\t\t\t<\/div>\n\t\t\t\t\t\t\t\t\t\t\t<div class=\"swiper-slide\" role=\"group\" aria-roledescription=\"slide\">\n\t\t\t\t\t\t\t\t\t<div class=\"elementor-carousel-image\" role=\"img\" aria-label=\"Nick Appel DJ &amp; Eventtechnik\" style=\"background-image: url(&#039;https:\/\/ll-vt.de\/wp-content\/uploads\/2025\/10\/Nick-Appel-Logo-white.svg&#039;)\">\n\n\t\t\t\n\t\t\t\t\t<\/div>\n\t\t\t\t\t\t\t\t<\/div>\n\t\t\t\t\t\t\t\t\t\t\t<div class=\"swiper-slide\" role=\"group\" aria-roledescription=\"slide\">\n\t\t\t\t\t\t\t\t\t<div class=\"elementor-carousel-image\" role=\"img\" aria-label=\"Janssen productions\" style=\"background-image: url(&#039;https:\/\/ll-vt.de\/wp-content\/uploads\/2025\/10\/JP-Logo-e1760646512783.png&#039;)\">\n\n\t\t\t\n\t\t\t\t\t<\/div>\n\t\t\t\t\t\t\t\t<\/div>\n\t\t\t\t\t\t\t\t\t\t\t<div class=\"swiper-slide\" role=\"group\" aria-roledescription=\"slide\">\n\t\t\t\t\t\t\t\t\t<div class=\"elementor-carousel-image\" role=\"img\" aria-label=\"floid_s_live_club_cafe_logo-white-web\" style=\"background-image: url(&#039;https:\/\/ll-vt.de\/wp-content\/uploads\/2025\/10\/floid_s_live_club_cafe_logo-white-web-e1761250424197.png&#039;)\">\n\n\t\t\t\n\t\t\t\t\t<\/div>\n\t\t\t\t\t\t\t\t<\/div>\n\t\t\t\t\t\t\t\t\t\t\t<div class=\"swiper-slide\" role=\"group\" aria-roledescription=\"slide\">\n\t\t\t\t\t\t\t\t\t<div class=\"elementor-carousel-image\" role=\"img\" aria-label=\"MnM\" style=\"background-image: url(&#039;https:\/\/ll-vt.de\/wp-content\/uploads\/2025\/10\/MnM.png&#039;)\">\n\n\t\t\t\n\t\t\t\t\t<\/div>\n\t\t\t\t\t\t\t\t<\/div>\n\t\t\t\t\t\t\t\t\t<\/div>\n\t\t\t\t\t\t\t\t\t\t\t\t\t\t\t\t\t\t\t\t\t<\/div>\n\t\t\t\t<\/div>\n\t\t\t\t\t\t\t\t<\/div>\n\t\t\t\t<\/div>\n\t\t\t\t<div class=\"elementor-element elementor-element-03a542f elementor-widget elementor-widget-heading\" data-id=\"03a542f\" data-element_type=\"widget\" data-e-type=\"widget\" data-widget_type=\"heading.default\">\n\t\t\t\t<div class=\"elementor-widget-container\">\n\t\t\t\t\t<h2 class=\"elementor-heading-title elementor-size-default\">Vielen Dank f\u00fcr die gro\u00dfartige Zusammenarbeit!<\/h2>\t\t\t\t<\/div>\n\t\t\t\t<\/div>\n\t\t\t\t\t<\/div>\n\t\t\t\t<\/div>\n\t\t\t\t<\/div>\n\t\t<div class=\"elementor-element elementor-element-471e3fa e-flex e-con-boxed e-con e-parent\" data-id=\"471e3fa\" data-element_type=\"container\" data-e-type=\"container\">\n\t\t\t\t\t<div class=\"e-con-inner\">\n\t\t<div class=\"elementor-element elementor-element-e66b542 e-flex e-con-boxed e-con e-child\" data-id=\"e66b542\" data-element_type=\"container\" data-e-type=\"container\" data-settings=\"{&quot;background_background&quot;:&quot;gradient&quot;}\">\n\t\t\t\t\t<div class=\"e-con-inner\">\n\t\t\t\t<div class=\"elementor-element elementor-element-66bf86a elementor-widget elementor-widget-heading\" data-id=\"66bf86a\" data-element_type=\"widget\" data-e-type=\"widget\" data-widget_type=\"heading.default\">\n\t\t\t\t<div class=\"elementor-widget-container\">\n\t\t\t\t\t<h2 class=\"elementor-heading-title elementor-size-default\">Wer bin ich?<\/h2>\t\t\t\t<\/div>\n\t\t\t\t<\/div>\n\t\t\t\t<div class=\"elementor-element elementor-element-33f2922 elementor-widget elementor-widget-image\" data-id=\"33f2922\" data-element_type=\"widget\" data-e-type=\"widget\" data-widget_type=\"image.default\">\n\t\t\t\t<div class=\"elementor-widget-container\">\n\t\t\t\t\t\t\t\t\t\t\t\t\t\t\t<img fetchpriority=\"high\" decoding=\"async\" width=\"360\" height=\"360\" src=\"https:\/\/ll-vt.de\/wp-content\/uploads\/2025\/10\/Hello_its_me.png\" class=\"attachment-large size-large wp-image-633\" alt=\"Bild von Lysander Laubacha auf Ger\u00fcst\" srcset=\"https:\/\/ll-vt.de\/wp-content\/uploads\/2025\/10\/Hello_its_me.png 360w, https:\/\/ll-vt.de\/wp-content\/uploads\/2025\/10\/Hello_its_me-300x300.png 300w, https:\/\/ll-vt.de\/wp-content\/uploads\/2025\/10\/Hello_its_me-150x150.png 150w\" sizes=\"(max-width: 360px) 100vw, 360px\" \/>\t\t\t\t\t\t\t\t\t\t\t\t\t\t\t<\/div>\n\t\t\t\t<\/div>\n\t\t\t\t<div class=\"elementor-element elementor-element-cf20898 elementor-widget elementor-widget-text-editor\" data-id=\"cf20898\" data-element_type=\"widget\" data-e-type=\"widget\" data-widget_type=\"text-editor.default\">\n\t\t\t\t<div class=\"elementor-widget-container\">\n\t\t\t\t\t\t\t\t\t<p data-start=\"182\" data-end=\"538\">Ich bin Lysander Laubach, leidenschaftlicher Veranstaltungstechniker und Gr\u00fcnder von <strong data-start=\"283\" data-end=\"344\">LL VT \u2013 Lysander Laubach Veranstaltungs- &amp; Eventtechnik<\/strong>. Seit 2020 begleite ich Events jeder Gr\u00f6\u00dfe, von kleinen Firmenveranstaltungen bis hin zu gro\u00dfen Festivals,\u00a0 mit Herzblut, technischem Know-how und einem klaren Blick f\u00fcr Qualit\u00e4t.<\/p><p data-start=\"540\" data-end=\"893\">Mir ist wichtig, dass jede Veranstaltung nicht nur reibungslos abl\u00e4uft, sondern auch emotional wirkt. Daf\u00fcr kombiniere ich technisches Verst\u00e4ndnis mit kreativem Denken und der Liebe zum Detail. Ob Ton, Licht oder Stagemanagement&#8230; ich sorge daf\u00fcr, dass jedes Element perfekt zusammenspielt und die Veranstaltung zu einem unvergesslichen Erlebnis wird.<\/p><p data-start=\"895\" data-end=\"1112\">Ich arbeite gerne eng mit Kundinnen und Kunden zusammen, um individuelle Konzepte zu entwickeln, die exakt zu ihrer Vision passen. Dabei stehen Kommunikation, Zuverl\u00e4ssigkeit und Leidenschaft immer an erster Stelle.<\/p><p data-start=\"1114\" data-end=\"1279\">Wenn\u2019s drauf ankommt, bin ich nicht nur Techniker, sondern Teil des Teams: jemand, der mitdenkt, anpackt und alles daransetzt, dass am Ende das Gesamtbild stimmt.<\/p>\t\t\t\t\t\t\t\t<\/div>\n\t\t\t\t<\/div>\n\t\t\t\t\t<\/div>\n\t\t\t\t<\/div>\n\t\t\t\t\t<\/div>\n\t\t\t\t<\/div>\n\t\t<div class=\"elementor-element elementor-element-faa7c55 e-flex e-con-boxed e-con e-parent\" data-id=\"faa7c55\" data-element_type=\"container\" data-e-type=\"container\">\n\t\t\t\t\t<div class=\"e-con-inner\">\n\t\t\t\t<div class=\"elementor-element elementor-element-8a098d8 elementor-widget elementor-widget-heading\" data-id=\"8a098d8\" data-element_type=\"widget\" data-e-type=\"widget\" data-widget_type=\"heading.default\">\n\t\t\t\t<div class=\"elementor-widget-container\">\n\t\t\t\t\t<h2 class=\"elementor-heading-title elementor-size-default\">Veranstaltungstechnik lokal im Main-Kinzig-Kreis<\/h2>\t\t\t\t<\/div>\n\t\t\t\t<\/div>\n\t\t\t\t<div class=\"elementor-element elementor-element-ed559c9 elementor-widget elementor-widget-google_maps\" data-id=\"ed559c9\" data-element_type=\"widget\" data-e-type=\"widget\" data-widget_type=\"google_maps.default\">\n\t\t\t\t<div class=\"elementor-widget-container\">\n\t\t\t\t\t\t\t<div class=\"elementor-custom-embed\">\n\t\t\t<iframe loading=\"lazy\"\n\t\t\t\t\tsrc=\"https:\/\/maps.google.com\/maps?q=Lysander%20Laubach%20Veranstaltungs%20%26%20Eventtechnik%2C%2063607%20W%C3%A4chtersbach&#038;t=m&#038;z=12&#038;output=embed&#038;iwloc=near\"\n\t\t\t\t\ttitle=\"Lysander Laubach Veranstaltungs &amp; Eventtechnik, 63607 W\u00e4chtersbach\"\n\t\t\t\t\taria-label=\"Lysander Laubach Veranstaltungs &amp; Eventtechnik, 63607 W\u00e4chtersbach\"\n\t\t\t><\/iframe>\n\t\t<\/div>\n\t\t\t\t\t\t<\/div>\n\t\t\t\t<\/div>\n\t\t\t\t\t<\/div>\n\t\t\t\t<\/div>\n\t\t\t\t<\/div>\n\t\t","protected":false},"excerpt":{"rendered":"<p>Willkommen bei LL VT ! Hinter jedem Event steckt eine Geschichte! Ich helfe dabei, sie mit moderner Veranstaltungstechnik lebendig zu erz\u00e4hlen. LL VT steht f\u00fcr professionelle Veranstaltungs- und Eventtechnik\u00a0 mit Leidenschaft, Erfahrung und dem Anspruch, jedes Event technisch perfekt umzusetzen. Das beste? Wir liefern zuverl\u00e4ssig Veranstaltungstechnik aus dem Main-Kinzik-Kreis \u2764\ufe0f Unsere Leistung Eventplanung &amp; Ausstattung [&hellip;]<\/p>\n","protected":false},"author":1,"featured_media":0,"parent":0,"menu_order":0,"comment_status":"closed","ping_status":"closed","template":"","meta":{"_acf_changed":false,"footnotes":""},"class_list":["post-279","page","type-page","status-publish","hentry"],"acf":[],"_links":{"self":[{"href":"https:\/\/ll-vt.de\/wp-json\/wp\/v2\/pages\/279","targetHints":{"allow":["GET"]}}],"collection":[{"href":"https:\/\/ll-vt.de\/wp-json\/wp\/v2\/pages"}],"about":[{"href":"https:\/\/ll-vt.de\/wp-json\/wp\/v2\/types\/page"}],"author":[{"embeddable":true,"href":"https:\/\/ll-vt.de\/wp-json\/wp\/v2\/users\/1"}],"replies":[{"embeddable":true,"href":"https:\/\/ll-vt.de\/wp-json\/wp\/v2\/comments?post=279"}],"version-history":[{"count":286,"href":"https:\/\/ll-vt.de\/wp-json\/wp\/v2\/pages\/279\/revisions"}],"predecessor-version":[{"id":1030,"href":"https:\/\/ll-vt.de\/wp-json\/wp\/v2\/pages\/279\/revisions\/1030"}],"wp:attachment":[{"href":"https:\/\/ll-vt.de\/wp-json\/wp\/v2\/media?parent=279"}],"curies":[{"name":"wp","href":"https:\/\/api.w.org\/{rel}","templated":true}]}}